{"id":1609,"date":"2025-04-30T11:35:29","date_gmt":"2025-04-30T11:35:29","guid":{"rendered":"https:\/\/www.kinderartslimburg-drperusko.be\/home-2\/"},"modified":"2025-06-12T12:44:29","modified_gmt":"2025-06-12T12:44:29","slug":"welkom","status":"publish","type":"page","link":"https:\/\/www.kinderartslimburg-drperusko.be\/en\/","title":{"rendered":"Welcome"},"content":{"rendered":"<div class=\"wp-block-uagb-container uagb-block-80f8b66e alignfull uagb-is-root-container\"><div class=\"uagb-container__video-wrap\"><video autoplay loop muted playsinline><source src=\"https:\/\/www.kinderartslimburg-drperusko.be\/wp-content\/uploads\/2025\/05\/Kruipende-baby.mov\" type=\"video\/mp4\"\/><\/video><\/div><div class=\"uagb-container__shape uagb-container__shape-bottom uagb-container__invert\" data-negative=\"false\"><svg xmlns=\"https:\/\/www.w3.org\/2000\/svg\" viewbox=\"0 0 1000 100\" preserveaspectratio=\"none\"><path class=\"uagb-container__shape-fill\" d=\"M421.9,6.5c22.6-2.5,51.5,0.4,75.5,5.3c23.6,4.9,70.9,23.5,100.5,35.7c75.8,32.2,133.7,44.5,192.6,49.7  c23.6,2.1,48.7,3.5,103.4-2.5c54.7-6,106.2-25.6,106.2-25.6V0H0v30.3c0,0,72,32.6,158.4,30.5c39.2-0.7,92.8-6.7,134-22.4  c21.2-8.1,52.2-18.2,79.7-24.2C399.3,7.9,411.6,7.5,421.9,6.5z\"><\/path><\/svg><\/div><div class=\"uagb-container-inner-blocks-wrap\">\n<div class=\"wp-block-uagb-info-box uagb-block-ea1e98f0 uagb-infobox__content-wrap  uagb-infobox-icon-above-title uagb-infobox-image-valign-top\"><div class=\"uagb-ifb-content\"><div class=\"uagb-ifb-title-wrap\"><h2 class=\"uagb-ifb-title-prefix\">Welcome to your pediatrician&nbsp;<\/h2><div class=\"uagb-ifb-separator\"><\/div><h1 class=\"uagb-ifb-title\">Nina<br>Perusko Matasic<\/h1><\/div><div class=\"uagb-ifb-button-wrapper wp-block-button\"><a href=\"https:\/\/www.doctena.be\/en\/specialty\/pediatrician\/dr-nina-perusko-matasic-1775846\" class=\"uagb-infobox-cta-link wp-block-button__link\" target=\"_blank\" rel=\"noopener noreferrer\" onclick=\"return true;\"><span class=\"uagb-inline-editing\">Make an appointment<\/span><svg xmlns=\"https:\/\/www.w3.org\/2000\/svg\" viewbox=\"0 0 448 512\"><path d=\"M160 32V64H288V32C288 14.33 302.3 0 320 0C337.7 0 352 14.33 352 32V64H400C426.5 64 448 85.49 448 112V160H0V112C0 85.49 21.49 64 48 64H96V32C96 14.33 110.3 0 128 0C145.7 0 160 14.33 160 32zM0 192H448V464C448 490.5 426.5 512 400 512H48C21.49 512 0 490.5 0 464V192zM328.1 304.1C338.3 295.6 338.3 280.4 328.1 271C319.6 261.7 304.4 261.7 295 271L200 366.1L152.1 319C143.6 309.7 128.4 309.7 119 319C109.7 328.4 109.7 343.6 119 352.1L183 416.1C192.4 426.3 207.6 426.3 216.1 416.1L328.1 304.1z\"><\/path><\/svg><\/a><\/div><\/div><\/div>\n<\/div><\/div>\n\n\n\n<div class=\"wp-block-uagb-container uagb-block-4e5b41fa alignfull uagb-is-root-container\"><div class=\"uagb-container-inner-blocks-wrap\">\n<div class=\"wp-block-uagb-advanced-heading uagb-block-ed3416f6\"><h2 class=\"uagb-heading-text\">Information<\/h2><div class=\"uagb-separator\"><\/div><\/div>\n\n\n\n<div class=\"wp-block-uagb-container uagb-block-0c24c3bb\">\n<div class=\"wp-block-uagb-container uagb-block-2f95617e\">\n<div class=\"wp-block-uagb-info-box uagb-block-2935a13f uagb-infobox__content-wrap  uagb-infobox-icon-above-title uagb-infobox-image-valign-top\"><div class=\"uagb-ifb-content\"><div class=\"uagb-ifb-icon-wrap\"><svg xmlns=\"https:\/\/www.w3.org\/2000\/svg\" viewbox=\"0 0 512 512\"><path d=\"M18.92 351.2l108.5-46.52c12.78-5.531 27.77-1.801 36.45 8.98l44.09 53.82c69.25-34 125.5-90.31 159.5-159.5l-53.81-44.04c-10.75-8.781-14.41-23.69-8.974-36.47l46.51-108.5c6.094-13.91 21.1-21.52 35.79-18.11l100.8 23.25c14.25 3.25 24.22 15.8 24.22 30.46c0 252.3-205.2 457.5-457.5 457.5c-14.67 0-27.18-9.968-30.45-24.22l-23.25-100.8C-2.571 372.4 5.018 357.2 18.92 351.2z\"><\/path><\/svg><\/div><div class=\"uagb-ifb-title-wrap\"><h3 class=\"uagb-ifb-title\">Telephone appointment<\/h3><\/div><p class=\"uagb-ifb-desc\">from 8.30 till 16.30&nbsp;<\/p><div class=\"uagb-ifb-button-wrapper wp-block-button\"><a href=\"#\" class=\"uagb-infobox-cta-link wp-block-button__link\" target=\"_self\" rel=\"noopener noreferrer\" onclick=\"return false;\"><span class=\"uagb-inline-editing\">+32 11 12 39 87<\/span><\/a><\/div><\/div><\/div>\n<\/div>\n\n\n\n<div class=\"wp-block-uagb-container uagb-block-65b8b623\">\n<div class=\"wp-block-uagb-info-box uagb-block-c27f163a uagb-infobox__content-wrap  uagb-infobox-icon-above-title uagb-infobox-image-valign-top\"><div class=\"uagb-ifb-content\"><div class=\"uagb-ifb-icon-wrap\"><svg xmlns=\"https:\/\/www.w3.org\/2000\/svg\" viewbox=\"0 0 576 512\"><path d=\"M96 304.1c0-12.16 4.971-23.83 13.64-32.01l72.13-68.08c1.65-1.555 3.773-2.311 5.611-3.578C177.1 176.8 155 160 128 160H64C28.65 160 0 188.7 0 224v96c0 17.67 14.33 32 31.1 32L32 480c0 17.67 14.33 32 32 32h64c17.67 0 32-14.33 32-32v-96.39l-50.36-47.53C100.1 327.9 96 316.2 96 304.1zM480 128c35.38 0 64-28.62 64-64s-28.62-64-64-64s-64 28.62-64 64S444.6 128 480 128zM96 128c35.38 0 64-28.62 64-64S131.4 0 96 0S32 28.62 32 64S60.63 128 96 128zM444.4 295.3L372.3 227.3c-3.49-3.293-8.607-4.193-13.01-2.299C354.9 226.9 352 231.2 352 236V272H224V236c0-4.795-2.857-9.133-7.262-11.03C212.3 223.1 207.2 223.1 203.7 227.3L131.6 295.3c-4.805 4.535-4.805 12.94 0 17.47l72.12 68.07c3.49 3.291 8.607 4.191 13.01 2.297C221.1 381.3 224 376.9 224 372.1V336h128v36.14c0 4.795 2.857 9.135 7.262 11.04c4.406 1.893 9.523 .9922 13.01-2.299l72.12-68.07C449.2 308.3 449.2 299.9 444.4 295.3zM512 160h-64c-26.1 0-49.98 16.77-59.38 40.42c1.842 1.271 3.969 2.027 5.623 3.588l72.12 68.06C475 280.2 480 291.9 480 304.1c.002 12.16-4.969 23.83-13.64 32.01L416 383.6V480c0 17.67 14.33 32 32 32h64c17.67 0 32-14.33 32-32v-128c17.67 0 32-14.33 32-32V224C576 188.7 547.3 160 512 160z\"><\/path><\/svg><\/div><div class=\"uagb-ifb-title-wrap\"><h5 class=\"uagb-ifb-title\">Talk to the doctor<\/h5><\/div><p class=\"uagb-ifb-desc\">Mon, Wed, Thu and Fri: 12.30 - 13.30<\/p><div class=\"uagb-ifb-button-wrapper wp-block-button\"><a href=\"#\" class=\"uagb-infobox-cta-link wp-block-button__link\" target=\"_self\" rel=\"noopener noreferrer\" onclick=\"return false;\"><span class=\"uagb-inline-editing\">+32 472 84 60 57<\/span><\/a><\/div><\/div><\/div>\n<\/div>\n<\/div>\n<\/div><\/div>\n\n\n\n<div class=\"wp-block-uagb-container uagb-block-fa905fe3 alignfull uagb-is-root-container\">\n<div class=\"wp-block-uagb-container uagb-block-c332e726 alignfull uagb-is-root-container\"><div class=\"uagb-container__shape uagb-container__shape-top\"><svg xmlns=\"https:\/\/www.w3.org\/2000\/svg\" viewbox=\"0 0 1000 100\" preserveaspectratio=\"none\"><path class=\"uagb-container__shape-fill\" d=\"M421.9,6.5c22.6-2.5,51.5,0.4,75.5,5.3c23.6,4.9,70.9,23.5,100.5,35.7c75.8,32.2,133.7,44.5,192.6,49.7  c23.6,2.1,48.7,3.5,103.4-2.5c54.7-6,106.2-25.6,106.2-25.6V0H0v30.3c0,0,72,32.6,158.4,30.5c39.2-0.7,92.8-6.7,134-22.4  c21.2-8.1,52.2-18.2,79.7-24.2C399.3,7.9,411.6,7.5,421.9,6.5z\"><\/path><\/svg><\/div>\n<figure class=\"wp-block-table is-style-regular has-small-font-size\" style=\"font-style:normal;font-weight:500\"><table style=\"border-style:none;border-width:0px\"><thead><tr><th class=\"has-text-align-right\" data-align=\"right\"><\/th><th class=\"has-text-align-center\" data-align=\"center\"><strong><mark style=\"background-color:rgba(0, 0, 0, 0);color:#000000\" class=\"has-inline-color\"><em>AM<\/em><\/mark><\/strong><\/th><th class=\"has-text-align-center\" data-align=\"center\"><strong><mark style=\"background-color:rgba(0, 0, 0, 0)\" class=\"has-inline-color has-ast-global-color-8-color\"><em>PM<\/em><\/mark><\/strong><\/th><\/tr><\/thead><tbody><tr><td class=\"has-text-align-right\" data-align=\"right\"><strong><mark style=\"background-color:rgba(0, 0, 0, 0);color:#fcb900\" class=\"has-inline-color\">Mon<\/mark><\/strong><\/td><td class=\"has-text-align-center\" data-align=\"center\"><strong>SFZ<\/strong><\/td><td class=\"has-text-align-center\" data-align=\"center\"><strong>SFZ of MCB<\/strong><\/td><\/tr><tr><td class=\"has-text-align-right\" data-align=\"right\"><strong><mark style=\"background-color:rgba(0, 0, 0, 0);color:#fcb900\" class=\"has-inline-color\">Tue<\/mark><\/strong><\/td><td class=\"has-text-align-center\" data-align=\"center\"><\/td><td class=\"has-text-align-center\" data-align=\"center\"><strong>SFZ<\/strong><\/td><\/tr><tr><td class=\"has-text-align-right\" data-align=\"right\"><strong><mark style=\"background-color:rgba(0, 0, 0, 0);color:#fcb900\" class=\"has-inline-color\">Wed<\/mark><\/strong><\/td><td class=\"has-text-align-center\" data-align=\"center\"><strong>SFZ<\/strong><\/td><td class=\"has-text-align-center\" data-align=\"center\"><strong>SFZ<\/strong><\/td><\/tr><tr><td class=\"has-text-align-right\" data-align=\"right\"><strong><mark style=\"background-color:rgba(0, 0, 0, 0);color:#fcb900\" class=\"has-inline-color\">Thu<\/mark><\/strong><\/td><td class=\"has-text-align-center\" data-align=\"center\"><strong>Private consultations<br>Medpoint<\/strong><\/td><td class=\"has-text-align-center\" data-align=\"center\"><strong>Private consultations<br>Medpoint<\/strong><\/td><\/tr><tr><td class=\"has-text-align-right\" data-align=\"right\"><strong><mark style=\"background-color:rgba(0, 0, 0, 0);color:#fcb900\" class=\"has-inline-color\">Fri<\/mark><\/strong><\/td><td class=\"has-text-align-center\" data-align=\"center\"><strong>SFZ<\/strong><\/td><td class=\"has-text-align-center\" data-align=\"center\"><strong>MCB<\/strong><\/td><\/tr><\/tbody><\/table><\/figure>\n<\/div>\n\n\n\n<div class=\"wp-block-uagb-container uagb-block-051ec7c5 alignfull uagb-is-root-container\"><div class=\"uagb-container__shape uagb-container__shape-bottom uagb-container__shape-flip uagb-container__invert\" data-negative=\"false\"><svg xmlns=\"https:\/\/www.w3.org\/2000\/svg\" viewbox=\"0 0 1000 100\" preserveaspectratio=\"none\"><path class=\"uagb-container__shape-fill\" d=\"M421.9,6.5c22.6-2.5,51.5,0.4,75.5,5.3c23.6,4.9,70.9,23.5,100.5,35.7c75.8,32.2,133.7,44.5,192.6,49.7  c23.6,2.1,48.7,3.5,103.4-2.5c54.7-6,106.2-25.6,106.2-25.6V0H0v30.3c0,0,72,32.6,158.4,30.5c39.2-0.7,92.8-6.7,134-22.4  c21.2-8.1,52.2-18.2,79.7-24.2C399.3,7.9,411.6,7.5,421.9,6.5z\"><\/path><\/svg><\/div><div class=\"uagb-container-inner-blocks-wrap\">\n<div class=\"wp-block-uagb-container uagb-block-e1d5de81 alignfull uagb-is-root-container\"><div class=\"uagb-container-inner-blocks-wrap\">\n<div class=\"wp-block-uagb-info-box uagb-block-288bbe57 uagb-infobox__content-wrap  uagb-infobox-icon-above-title uagb-infobox-image-valign-top\"><div class=\"uagb-ifb-content\"><div class=\"uagb-ifb-title-wrap\"><h3 class=\"uagb-ifb-title\">Medpoint Hasselt<\/h3><\/div><p class=\"uagb-ifb-desc\">Guffenslane 96a<br>3500 Hasselt<\/p><div class=\"uagb-ifb-button-wrapper wp-block-button\"><a href=\"tel:+3211123987\" class=\"uagb-infobox-cta-link wp-block-button__link\" target=\"_self\" rel=\"noopener noreferrer\" onclick=\"return true;\"><span class=\"uagb-inline-editing\">+32 11 12 39 87<\/span><\/a><\/div><\/div><\/div>\n<\/div><\/div>\n\n\n\n<div class=\"wp-block-uagb-container uagb-block-9e0f85d2\">\n<div class=\"wp-block-uagb-info-box uagb-block-8edbe74c uagb-infobox__content-wrap  uagb-infobox-icon-above-title uagb-infobox-image-valign-top\"><div class=\"uagb-ifb-content\"><div class=\"uagb-ifb-title-wrap\"><h3 class=\"uagb-ifb-title\">SFH: Saint-Franciscus Hospital<br><mark style=\"background-color:rgba(0, 0, 0, 0);color:#19bdc6\" class=\"has-inline-color\">+<\/mark> <mark style=\"background-color:rgba(0, 0, 0, 0);color:#19bdc6\" class=\"has-inline-color\">MCB: Medical Centre Beringen<\/mark><\/h3><\/div><p class=\"uagb-ifb-desc\">Pastoor Pasuaylaan 129<br>3550 Heusden-Zolder<\/p><div class=\"uagb-ifb-button-wrapper wp-block-button\"><a href=\"tel:+3211715555\" class=\"uagb-infobox-cta-link wp-block-button__link\" target=\"_self\" rel=\"noopener noreferrer\" onclick=\"return true;\"><span class=\"uagb-inline-editing\">+32 11 71 55 55<\/span><\/a><\/div><\/div><\/div>\n<\/div>\n<\/div><\/div>\n<\/div>","protected":false},"excerpt":{"rendered":"<p>Informatie VM NM MA SFZ SFZ of MCB DI SFZ WO SFZ SFZ DO Priv\u00e9 consultatiesMedpoint Priv\u00e9 consultatiesMedpoint VR SFZ MCB<\/p>","protected":false},"author":1,"featured_media":0,"parent":0,"menu_order":0,"comment_status":"closed","ping_status":"closed","template":"","meta":{"_uag_custom_page_level_css":"","site-sidebar-layout":"no-sidebar","site-content-layout":"plain-container","ast-site-content-layout":"full-width-container","site-content-style":"unboxed","site-sidebar-style":"unboxed","ast-global-header-display":"","ast-banner-title-visibility":"","ast-main-header-display":"","ast-hfb-above-header-display":"","ast-hfb-below-header-display":"","ast-hfb-mobile-header-display":"","site-post-title":"disabled","ast-breadcrumbs-content":"","ast-featured-img":"","footer-sml-layout":"","theme-transparent-header-meta":"enabled","adv-header-id-meta":"","stick-header-meta":"","header-above-stick-meta":"","header-main-stick-meta":"","header-below-stick-meta":"","astra-migrate-meta-layouts":"set","ast-page-background-enabled":"default","ast-page-background-meta":{"desktop":{"background-color":"","background-image":"","background-repeat":"repeat","background-position":"center center","background-size":"auto","background-attachment":"scroll","background-type":"","background-media":"","overlay-type":"","overlay-color":"","overlay-opacity":"","overlay-gradient":""},"tablet":{"background-color":"","background-image":"","background-repeat":"repeat","background-position":"center center","background-size":"auto","background-attachment":"scroll","background-type":"","background-media":"","overlay-type":"","overlay-color":"","overlay-opacity":"","overlay-gradient":""},"mobile":{"background-color":"","background-image":"","background-repeat":"repeat","background-position":"center center","background-size":"auto","background-attachment":"scroll","background-type":"","background-media":"","overlay-type":"","overlay-color":"","overlay-opacity":"","overlay-gradient":""}},"ast-content-background-meta":{"desktop":{"background-color":"var(--ast-global-color-5)","background-image":"","background-repeat":"repeat","background-position":"center center","background-size":"auto","background-attachment":"scroll","background-type":"","background-media":"","overlay-type":"","overlay-color":"","overlay-opacity":"","overlay-gradient":""},"tablet":{"background-color":"var(--ast-global-color-5)","background-image":"","background-repeat":"repeat","background-position":"center center","background-size":"auto","background-attachment":"scroll","background-type":"","background-media":"","overlay-type":"","overlay-color":"","overlay-opacity":"","overlay-gradient":""},"mobile":{"background-color":"var(--ast-global-color-5)","background-image":"","background-repeat":"repeat","background-position":"center center","background-size":"auto","background-attachment":"scroll","background-type":"","background-media":"","overlay-type":"","overlay-color":"","overlay-opacity":"","overlay-gradient":""}},"footnotes":""},"class_list":["post-1609","page","type-page","status-publish","hentry"],"yoast_head":"<!-- This site is optimized with the Yoast SEO plugin v27.2 - https:\/\/yoast.com\/product\/yoast-seo-wordpress\/ -->\n<title>Welkom bij Dr. Nina Peru\u0161ko Matasi\u0107, pediater in Leuven<\/title>\n<meta name=\"description\" content=\"Welkom op de website van kinderarts dr. Nina Peru\u0161ko Matasi\u0107. Persoonlijke, professionele zorg voor baby\u2019s, peuters en kinderen.\" \/>\n<meta name=\"robots\" content=\"index, follow, max-snippet:-1, max-image-preview:large, max-video-preview:-1\" \/>\n<link rel=\"canonical\" href=\"https:\/\/www.kinderartslimburg-drperusko.be\/en\/\" \/>\n<meta property=\"og:locale\" content=\"en_GB\" \/>\n<meta property=\"og:type\" content=\"article\" \/>\n<meta property=\"og:title\" content=\"Welkom bij Dr. Nina Peru\u0161ko Matasi\u0107, pediater in Leuven\" \/>\n<meta property=\"og:description\" content=\"Welkom op de website van kinderarts dr. Nina Peru\u0161ko Matasi\u0107. Persoonlijke, professionele zorg voor baby\u2019s, peuters en kinderen.\" \/>\n<meta property=\"og:url\" content=\"https:\/\/www.kinderartslimburg-drperusko.be\/en\/\" \/>\n<meta property=\"og:site_name\" content=\"Dr. Nina Perusko Matasic\" \/>\n<meta property=\"article:modified_time\" content=\"2025-06-12T12:44:29+00:00\" \/>\n<meta name=\"twitter:card\" content=\"summary_large_image\" \/>\n<meta name=\"twitter:label1\" content=\"Estimated reading time\" \/>\n\t<meta name=\"twitter:data1\" content=\"1 minute\" \/>\n<script type=\"application\/ld+json\" class=\"yoast-schema-graph\">{\"@context\":\"https:\/\/schema.org\",\"@graph\":[{\"@type\":\"WebPage\",\"@id\":\"https:\/\/www.kinderartslimburg-drperusko.be\/\",\"url\":\"https:\/\/www.kinderartslimburg-drperusko.be\/\",\"name\":\"Welkom bij Dr. Nina Peru\u0161ko Matasi\u0107, pediater in Leuven\",\"isPartOf\":{\"@id\":\"https:\/\/www.kinderartslimburg-drperusko.be\/#website\"},\"datePublished\":\"2025-04-30T11:35:29+00:00\",\"dateModified\":\"2025-06-12T12:44:29+00:00\",\"description\":\"Welkom op de website van kinderarts dr. Nina Peru\u0161ko Matasi\u0107. Persoonlijke, professionele zorg voor baby\u2019s, peuters en kinderen.\",\"breadcrumb\":{\"@id\":\"https:\/\/www.kinderartslimburg-drperusko.be\/#breadcrumb\"},\"inLanguage\":\"en-GB\",\"potentialAction\":[{\"@type\":\"ReadAction\",\"target\":[\"https:\/\/www.kinderartslimburg-drperusko.be\/\"]}]},{\"@type\":\"BreadcrumbList\",\"@id\":\"https:\/\/www.kinderartslimburg-drperusko.be\/#breadcrumb\",\"itemListElement\":[{\"@type\":\"ListItem\",\"position\":1,\"name\":\"Home\",\"item\":\"https:\/\/www.kinderartslimburg-drperusko.be\/\"},{\"@type\":\"ListItem\",\"position\":2,\"name\":\"Welkom\"}]},{\"@type\":\"WebSite\",\"@id\":\"https:\/\/www.kinderartslimburg-drperusko.be\/#website\",\"url\":\"https:\/\/www.kinderartslimburg-drperusko.be\/\",\"name\":\"Dr. Perusko Matasic\",\"description\":\"Kinderarts\",\"publisher\":{\"@id\":\"https:\/\/www.kinderartslimburg-drperusko.be\/#organization\"},\"potentialAction\":[{\"@type\":\"SearchAction\",\"target\":{\"@type\":\"EntryPoint\",\"urlTemplate\":\"https:\/\/www.kinderartslimburg-drperusko.be\/?s={search_term_string}\"},\"query-input\":{\"@type\":\"PropertyValueSpecification\",\"valueRequired\":true,\"valueName\":\"search_term_string\"}}],\"inLanguage\":\"en-GB\"},{\"@type\":\"Organization\",\"@id\":\"https:\/\/www.kinderartslimburg-drperusko.be\/#organization\",\"name\":\"Dr. Perusko Matasic\",\"url\":\"https:\/\/www.kinderartslimburg-drperusko.be\/\",\"logo\":{\"@type\":\"ImageObject\",\"inLanguage\":\"en-GB\",\"@id\":\"https:\/\/www.kinderartslimburg-drperusko.be\/#\/schema\/logo\/image\/\",\"url\":\"https:\/\/www.kinderartslimburg-drperusko.be\/wp-content\/uploads\/2025\/05\/logo-vierkant-zonder-tekst-Dr-Nina-Perusko-Matasic-1.jpg\",\"contentUrl\":\"https:\/\/www.kinderartslimburg-drperusko.be\/wp-content\/uploads\/2025\/05\/logo-vierkant-zonder-tekst-Dr-Nina-Perusko-Matasic-1.jpg\",\"width\":823,\"height\":823,\"caption\":\"Dr. Perusko Matasic\"},\"image\":{\"@id\":\"https:\/\/www.kinderartslimburg-drperusko.be\/#\/schema\/logo\/image\/\"}}]}<\/script>\n<!-- \/ Yoast SEO plugin. -->","yoast_head_json":{"title":"Welkom bij Dr. Nina Peru\u0161ko Matasi\u0107, pediater in Leuven","description":"Welkom op de website van kinderarts dr. Nina Peru\u0161ko Matasi\u0107. Persoonlijke, professionele zorg voor baby\u2019s, peuters en kinderen.","robots":{"index":"index","follow":"follow","max-snippet":"max-snippet:-1","max-image-preview":"max-image-preview:large","max-video-preview":"max-video-preview:-1"},"canonical":"https:\/\/www.kinderartslimburg-drperusko.be\/en\/","og_locale":"en_GB","og_type":"article","og_title":"Welkom bij Dr. Nina Peru\u0161ko Matasi\u0107, pediater in Leuven","og_description":"Welkom op de website van kinderarts dr. Nina Peru\u0161ko Matasi\u0107. Persoonlijke, professionele zorg voor baby\u2019s, peuters en kinderen.","og_url":"https:\/\/www.kinderartslimburg-drperusko.be\/en\/","og_site_name":"Dr. Nina Perusko Matasic","article_modified_time":"2025-06-12T12:44:29+00:00","twitter_card":"summary_large_image","twitter_misc":{"Estimated reading time":"1 minute"},"schema":{"@context":"https:\/\/schema.org","@graph":[{"@type":"WebPage","@id":"https:\/\/www.kinderartslimburg-drperusko.be\/","url":"https:\/\/www.kinderartslimburg-drperusko.be\/","name":"Welkom bij Dr. Nina Peru\u0161ko Matasi\u0107, pediater in Leuven","isPartOf":{"@id":"https:\/\/www.kinderartslimburg-drperusko.be\/#website"},"datePublished":"2025-04-30T11:35:29+00:00","dateModified":"2025-06-12T12:44:29+00:00","description":"Welkom op de website van kinderarts dr. Nina Peru\u0161ko Matasi\u0107. Persoonlijke, professionele zorg voor baby\u2019s, peuters en kinderen.","breadcrumb":{"@id":"https:\/\/www.kinderartslimburg-drperusko.be\/#breadcrumb"},"inLanguage":"en-GB","potentialAction":[{"@type":"ReadAction","target":["https:\/\/www.kinderartslimburg-drperusko.be\/"]}]},{"@type":"BreadcrumbList","@id":"https:\/\/www.kinderartslimburg-drperusko.be\/#breadcrumb","itemListElement":[{"@type":"ListItem","position":1,"name":"Home","item":"https:\/\/www.kinderartslimburg-drperusko.be\/"},{"@type":"ListItem","position":2,"name":"Welkom"}]},{"@type":"WebSite","@id":"https:\/\/www.kinderartslimburg-drperusko.be\/#website","url":"https:\/\/www.kinderartslimburg-drperusko.be\/","name":"Dr. Perusko Matasic","description":"Pediatrician","publisher":{"@id":"https:\/\/www.kinderartslimburg-drperusko.be\/#organization"},"potentialAction":[{"@type":"SearchAction","target":{"@type":"EntryPoint","urlTemplate":"https:\/\/www.kinderartslimburg-drperusko.be\/?s={search_term_string}"},"query-input":{"@type":"PropertyValueSpecification","valueRequired":true,"valueName":"search_term_string"}}],"inLanguage":"en-GB"},{"@type":"Organization","@id":"https:\/\/www.kinderartslimburg-drperusko.be\/#organization","name":"Dr. Perusko Matasic","url":"https:\/\/www.kinderartslimburg-drperusko.be\/","logo":{"@type":"ImageObject","inLanguage":"en-GB","@id":"https:\/\/www.kinderartslimburg-drperusko.be\/#\/schema\/logo\/image\/","url":"https:\/\/www.kinderartslimburg-drperusko.be\/wp-content\/uploads\/2025\/05\/logo-vierkant-zonder-tekst-Dr-Nina-Perusko-Matasic-1.jpg","contentUrl":"https:\/\/www.kinderartslimburg-drperusko.be\/wp-content\/uploads\/2025\/05\/logo-vierkant-zonder-tekst-Dr-Nina-Perusko-Matasic-1.jpg","width":823,"height":823,"caption":"Dr. Perusko Matasic"},"image":{"@id":"https:\/\/www.kinderartslimburg-drperusko.be\/#\/schema\/logo\/image\/"}}]}},"uagb_featured_image_src":{"full":false,"thumbnail":false,"medium":false,"medium_large":false,"large":false,"1536x1536":false,"2048x2048":false,"trp-custom-language-flag":false},"uagb_author_info":{"display_name":"admin","author_link":"https:\/\/www.kinderartslimburg-drperusko.be\/en\/author\/websites_9w3uztya\/"},"uagb_comment_info":0,"uagb_excerpt":"Informatie VM NM MA SFZ SFZ of MCB DI SFZ WO SFZ SFZ DO Priv\u00e9 consultatiesMedpoint Priv\u00e9 consultatiesMedpoint VR SFZ MCB","_links":{"self":[{"href":"https:\/\/www.kinderartslimburg-drperusko.be\/en\/wp-json\/wp\/v2\/pages\/1609","targetHints":{"allow":["GET"]}}],"collection":[{"href":"https:\/\/www.kinderartslimburg-drperusko.be\/en\/wp-json\/wp\/v2\/pages"}],"about":[{"href":"https:\/\/www.kinderartslimburg-drperusko.be\/en\/wp-json\/wp\/v2\/types\/page"}],"author":[{"embeddable":true,"href":"https:\/\/www.kinderartslimburg-drperusko.be\/en\/wp-json\/wp\/v2\/users\/1"}],"replies":[{"embeddable":true,"href":"https:\/\/www.kinderartslimburg-drperusko.be\/en\/wp-json\/wp\/v2\/comments?post=1609"}],"version-history":[{"count":112,"href":"https:\/\/www.kinderartslimburg-drperusko.be\/en\/wp-json\/wp\/v2\/pages\/1609\/revisions"}],"predecessor-version":[{"id":2028,"href":"https:\/\/www.kinderartslimburg-drperusko.be\/en\/wp-json\/wp\/v2\/pages\/1609\/revisions\/2028"}],"wp:attachment":[{"href":"https:\/\/www.kinderartslimburg-drperusko.be\/en\/wp-json\/wp\/v2\/media?parent=1609"}],"curies":[{"name":"wp","href":"https:\/\/api.w.org\/{rel}","templated":true}]}}